{"id":11,"date":"2019-02-26T09:10:18","date_gmt":"2019-02-26T09:10:18","guid":{"rendered":"http:\/\/voltiteam-herrenkrug.de\/?page_id=11"},"modified":"2019-03-04T20:49:20","modified_gmt":"2019-03-04T19:49:20","slug":"unser-verein","status":"publish","type":"page","link":"https:\/\/voltiteam-herrenkrug.de\/?page_id=11","title":{"rendered":"Unser Verein"},"content":{"rendered":"\n<p>Wir sind die Abteilung Voltigieren des Reitclub Herrenkrug e.V. in Magdeburg im sch\u00f6nen Herrenkrug.&nbsp;<\/p>\n\n\n\n<p>Kinder und Jugendliche ab 4 Jahren haben bei uns die M\u00f6glichkeit, unter der Leitung von ehrenamtlichen Trainern, zu voltigieren, Freundschaften zu schlie\u00dfen und gemeinsam den Umgang mit dem Pferd zu erlernen.<\/p>\n\n\n\n<div class=\"wp-block-image\"><figure class=\"aligncenter is-resized\"><img loading=\"lazy\" decoding=\"async\" src=\"https:\/\/voltiteam-herrenkrug.de\/wp-content\/uploads\/2019\/02\/Dok1-724x1024.jpg\" alt=\"\" class=\"wp-image-4\" width=\"204\" height=\"288\" srcset=\"https:\/\/voltiteam-herrenkrug.de\/wp-content\/uploads\/2019\/02\/Dok1-724x1024.jpg 724w, https:\/\/voltiteam-herrenkrug.de\/wp-content\/uploads\/2019\/02\/Dok1-212x300.jpg 212w, https:\/\/voltiteam-herrenkrug.de\/wp-content\/uploads\/2019\/02\/Dok1-768x1086.jpg 768w\" sizes=\"auto, (max-width: 204px) 100vw, 204px\" \/><\/figure><\/div>\n","protected":false},"excerpt":{"rendered":"<p>Wir sind die Abteilung Voltigieren des Reitclub Herrenkrug e.V. in Magdeburg im sch\u00f6nen Herrenkrug.&nbsp; Kinder und Jugendliche ab 4 Jahren haben bei uns die M\u00f6glichkeit, unter der Leitung von ehrenamtlichen Trainern, zu voltigieren, Freundschaften zu schlie\u00dfen und gemeinsam den Umgang mit dem Pferd zu erlernen.<\/p>\n","protected":false},"author":1,"featured_media":0,"parent":0,"menu_order":0,"comment_status":"closed","ping_status":"closed","template":"","meta":{"footnotes":""},"class_list":["post-11","page","type-page","status-publish","hentry","gallery-content-unit"],"_links":{"self":[{"href":"https:\/\/voltiteam-herrenkrug.de\/index.php?rest_route=\/wp\/v2\/pages\/11","targetHints":{"allow":["GET"]}}],"collection":[{"href":"https:\/\/voltiteam-herrenkrug.de\/index.php?rest_route=\/wp\/v2\/pages"}],"about":[{"href":"https:\/\/voltiteam-herrenkrug.de\/index.php?rest_route=\/wp\/v2\/types\/page"}],"author":[{"embeddable":true,"href":"https:\/\/voltiteam-herrenkrug.de\/index.php?rest_route=\/wp\/v2\/users\/1"}],"replies":[{"embeddable":true,"href":"https:\/\/voltiteam-herrenkrug.de\/index.php?rest_route=%2Fwp%2Fv2%2Fcomments&post=11"}],"version-history":[{"count":2,"href":"https:\/\/voltiteam-herrenkrug.de\/index.php?rest_route=\/wp\/v2\/pages\/11\/revisions"}],"predecessor-version":[{"id":375,"href":"https:\/\/voltiteam-herrenkrug.de\/index.php?rest_route=\/wp\/v2\/pages\/11\/revisions\/375"}],"wp:attachment":[{"href":"https:\/\/voltiteam-herrenkrug.de\/index.php?rest_route=%2Fwp%2Fv2%2Fmedia&parent=11"}],"curies":[{"name":"wp","href":"https:\/\/api.w.org\/{rel}","templated":true}]}}