{"id":1482,"date":"2026-01-12T19:22:39","date_gmt":"2026-01-12T18:22:39","guid":{"rendered":"https:\/\/voltiteam-herrenkrug.de\/?page_id=1482"},"modified":"2026-01-12T19:26:24","modified_gmt":"2026-01-12T18:26:24","slug":"reitplatzbau","status":"publish","type":"page","link":"https:\/\/voltiteam-herrenkrug.de\/?page_id=1482","title":{"rendered":"Reitplatzbau"},"content":{"rendered":"\n<figure class=\"wp-block-image size-large\"><a href=\"https:\/\/www.sachsen-anhalt.de\/startseite\" target=\"_blank\" rel=\" noreferrer noopener\"><img loading=\"lazy\" decoding=\"async\" width=\"1024\" height=\"191\" src=\"https:\/\/voltiteam-herrenkrug.de\/wp-content\/uploads\/2026\/01\/Bildschirmfoto-2026-01-09-um-13.25.44-1024x191.png\" alt=\"\" class=\"wp-image-1484\" srcset=\"https:\/\/voltiteam-herrenkrug.de\/wp-content\/uploads\/2026\/01\/Bildschirmfoto-2026-01-09-um-13.25.44-1024x191.png 1024w, https:\/\/voltiteam-herrenkrug.de\/wp-content\/uploads\/2026\/01\/Bildschirmfoto-2026-01-09-um-13.25.44-300x56.png 300w, https:\/\/voltiteam-herrenkrug.de\/wp-content\/uploads\/2026\/01\/Bildschirmfoto-2026-01-09-um-13.25.44-768x143.png 768w, https:\/\/voltiteam-herrenkrug.de\/wp-content\/uploads\/2026\/01\/Bildschirmfoto-2026-01-09-um-13.25.44-1536x286.png 1536w, https:\/\/voltiteam-herrenkrug.de\/wp-content\/uploads\/2026\/01\/Bildschirmfoto-2026-01-09-um-13.25.44.png 1548w\" sizes=\"auto, (max-width: 767px) 89vw, (max-width: 1000px) 54vw, (max-width: 1071px) 543px, 580px\" \/><\/a><\/figure>\n\n\n\n<p>Im Juni 2021 konnten wir unseren gro\u00dfen Reitplatz dank der F\u00f6rderung durch das <strong>Land Sachsen-Anhalt <\/strong>und der Stadt Magdeburg zu einem Ebbe-Flut-Platz umbauen.<br><\/p>\n\n\n\n<figure class=\"wp-block-gallery has-nested-images columns-default is-cropped wp-block-gallery-1 is-layout-flex wp-block-gallery-is-layout-flex\"><div class=\"wp-block-image\">\n<figure class=\"aligncenter size-large\"><img loading=\"lazy\" decoding=\"async\" width=\"1024\" height=\"577\" data-id=\"1489\" src=\"https:\/\/voltiteam-herrenkrug.de\/wp-content\/uploads\/2026\/01\/Alles-neu-1.jpg\" alt=\"\" class=\"wp-image-1489\" srcset=\"https:\/\/voltiteam-herrenkrug.de\/wp-content\/uploads\/2026\/01\/Alles-neu-1.jpg 1024w, https:\/\/voltiteam-herrenkrug.de\/wp-content\/uploads\/2026\/01\/Alles-neu-1-300x169.jpg 300w, https:\/\/voltiteam-herrenkrug.de\/wp-content\/uploads\/2026\/01\/Alles-neu-1-768x433.jpg 768w\" sizes=\"auto, (max-width: 767px) 89vw, (max-width: 1000px) 54vw, (max-width: 1071px) 543px, 580px\" \/><\/figure>\n<\/div><\/figure>\n\n\n\n<figure class=\"wp-block-gallery has-nested-images columns-default is-cropped wp-block-gallery-2 is-layout-flex wp-block-gallery-is-layout-flex\">\n<figure class=\"wp-block-image size-large\"><img loading=\"lazy\" decoding=\"async\" width=\"768\" height=\"1024\" data-id=\"1491\" src=\"https:\/\/voltiteam-herrenkrug.de\/wp-content\/uploads\/2026\/01\/Alles-neu-2-1.jpg\" alt=\"\" class=\"wp-image-1491\" srcset=\"https:\/\/voltiteam-herrenkrug.de\/wp-content\/uploads\/2026\/01\/Alles-neu-2-1.jpg 768w, https:\/\/voltiteam-herrenkrug.de\/wp-content\/uploads\/2026\/01\/Alles-neu-2-1-225x300.jpg 225w\" sizes=\"auto, (max-width: 767px) 89vw, (max-width: 1000px) 54vw, (max-width: 1071px) 543px, 580px\" \/><\/figure>\n\n\n\n<figure class=\"wp-block-image size-large\"><img loading=\"lazy\" decoding=\"async\" width=\"768\" height=\"1024\" data-id=\"1492\" src=\"https:\/\/voltiteam-herrenkrug.de\/wp-content\/uploads\/2026\/01\/Alles-neu-6-1.jpeg\" alt=\"\" class=\"wp-image-1492\" srcset=\"https:\/\/voltiteam-herrenkrug.de\/wp-content\/uploads\/2026\/01\/Alles-neu-6-1.jpeg 768w, https:\/\/voltiteam-herrenkrug.de\/wp-content\/uploads\/2026\/01\/Alles-neu-6-1-225x300.jpeg 225w\" sizes=\"auto, (max-width: 767px) 89vw, (max-width: 1000px) 54vw, (max-width: 1071px) 543px, 580px\" \/><\/figure>\n<\/figure>\n\n\n\n<figure class=\"wp-block-gallery has-nested-images columns-default is-cropped wp-block-gallery-3 is-layout-flex wp-block-gallery-is-layout-flex\">\n<figure class=\"wp-block-image size-large\"><img loading=\"lazy\" decoding=\"async\" width=\"577\" height=\"1024\" data-id=\"1493\" src=\"https:\/\/voltiteam-herrenkrug.de\/wp-content\/uploads\/2026\/01\/Alles-neu-3-1.jpeg\" alt=\"\" class=\"wp-image-1493\" srcset=\"https:\/\/voltiteam-herrenkrug.de\/wp-content\/uploads\/2026\/01\/Alles-neu-3-1.jpeg 577w, https:\/\/voltiteam-herrenkrug.de\/wp-content\/uploads\/2026\/01\/Alles-neu-3-1-169x300.jpeg 169w\" sizes=\"auto, (max-width: 577px) 100vw, 577px\" \/><\/figure>\n\n\n\n<figure class=\"wp-block-image size-large\"><img loading=\"lazy\" decoding=\"async\" width=\"768\" height=\"1024\" data-id=\"1494\" src=\"https:\/\/voltiteam-herrenkrug.de\/wp-content\/uploads\/2026\/01\/Alles-neu-5-1.jpeg\" alt=\"\" class=\"wp-image-1494\" srcset=\"https:\/\/voltiteam-herrenkrug.de\/wp-content\/uploads\/2026\/01\/Alles-neu-5-1.jpeg 768w, https:\/\/voltiteam-herrenkrug.de\/wp-content\/uploads\/2026\/01\/Alles-neu-5-1-225x300.jpeg 225w\" sizes=\"auto, (max-width: 767px) 89vw, (max-width: 1000px) 54vw, (max-width: 1071px) 543px, 580px\" \/><\/figure>\n<\/figure>\n\n\n\n<p>Es musste alles gut vorbereitet sein, damit der neue Boden auf den Platz kann<\/p>\n\n\n\n<figure class=\"wp-block-image size-full\"><img loading=\"lazy\" decoding=\"async\" width=\"768\" height=\"1024\" src=\"https:\/\/voltiteam-herrenkrug.de\/wp-content\/uploads\/2026\/01\/IMG-20260109-WA0016.jpg\" alt=\"\" class=\"wp-image-1495\" style=\"aspect-ratio:0.750008693535487\" srcset=\"https:\/\/voltiteam-herrenkrug.de\/wp-content\/uploads\/2026\/01\/IMG-20260109-WA0016.jpg 768w, https:\/\/voltiteam-herrenkrug.de\/wp-content\/uploads\/2026\/01\/IMG-20260109-WA0016-225x300.jpg 225w\" sizes=\"auto, (max-width: 767px) 89vw, (max-width: 1000px) 54vw, (max-width: 1071px) 543px, 580px\" \/><\/figure>\n\n\n\n<p>Endlich geschafft! Der neue Reitplatz ist fertig und kann genutzt werden<\/p>\n\n\n\n<figure class=\"wp-block-gallery has-nested-images columns-default is-cropped wp-block-gallery-4 is-layout-flex wp-block-gallery-is-layout-flex\">\n<figure class=\"wp-block-image size-large\"><img loading=\"lazy\" decoding=\"async\" width=\"768\" height=\"1024\" data-id=\"1498\" src=\"https:\/\/voltiteam-herrenkrug.de\/wp-content\/uploads\/2026\/01\/IMG-20260109-WA0015-768x1024.jpg\" alt=\"\" class=\"wp-image-1498\" srcset=\"https:\/\/voltiteam-herrenkrug.de\/wp-content\/uploads\/2026\/01\/IMG-20260109-WA0015-768x1024.jpg 768w, https:\/\/voltiteam-herrenkrug.de\/wp-content\/uploads\/2026\/01\/IMG-20260109-WA0015-225x300.jpg 225w, https:\/\/voltiteam-herrenkrug.de\/wp-content\/uploads\/2026\/01\/IMG-20260109-WA0015-1152x1536.jpg 1152w, https:\/\/voltiteam-herrenkrug.de\/wp-content\/uploads\/2026\/01\/IMG-20260109-WA0015.jpg 1200w\" sizes=\"auto, (max-width: 767px) 89vw, (max-width: 1000px) 54vw, (max-width: 1071px) 543px, 580px\" \/><figcaption class=\"wp-element-caption\">zur vielseitigen Bewegung unserer Vierbeiner<\/figcaption><\/figure>\n\n\n\n<figure class=\"wp-block-image size-large\"><img loading=\"lazy\" decoding=\"async\" width=\"733\" height=\"1024\" data-id=\"1497\" src=\"https:\/\/voltiteam-herrenkrug.de\/wp-content\/uploads\/2026\/01\/Endlich-Lehrgaenge-733x1024.jpeg\" alt=\"\" class=\"wp-image-1497\" srcset=\"https:\/\/voltiteam-herrenkrug.de\/wp-content\/uploads\/2026\/01\/Endlich-Lehrgaenge-733x1024.jpeg 733w, https:\/\/voltiteam-herrenkrug.de\/wp-content\/uploads\/2026\/01\/Endlich-Lehrgaenge-215x300.jpeg 215w, https:\/\/voltiteam-herrenkrug.de\/wp-content\/uploads\/2026\/01\/Endlich-Lehrgaenge-768x1073.jpeg 768w, https:\/\/voltiteam-herrenkrug.de\/wp-content\/uploads\/2026\/01\/Endlich-Lehrgaenge-1099x1536.jpeg 1099w, https:\/\/voltiteam-herrenkrug.de\/wp-content\/uploads\/2026\/01\/Endlich-Lehrgaenge.jpeg 1145w\" sizes=\"auto, (max-width: 733px) 100vw, 733px\" \/><figcaption class=\"wp-element-caption\">f\u00fcr Working-Equitation Lehrg\u00e4nge<\/figcaption><\/figure>\n<\/figure>\n\n\n\n<figure class=\"wp-block-gallery has-nested-images columns-default is-cropped wp-block-gallery-5 is-layout-flex wp-block-gallery-is-layout-flex\">\n<figure class=\"wp-block-image size-large\"><img loading=\"lazy\" decoding=\"async\" width=\"1024\" height=\"683\" data-id=\"1504\" src=\"https:\/\/voltiteam-herrenkrug.de\/wp-content\/uploads\/2026\/01\/DSC09380-1-1024x683.jpg\" alt=\"\" class=\"wp-image-1504\" srcset=\"https:\/\/voltiteam-herrenkrug.de\/wp-content\/uploads\/2026\/01\/DSC09380-1-1024x683.jpg 1024w, https:\/\/voltiteam-herrenkrug.de\/wp-content\/uploads\/2026\/01\/DSC09380-1-300x200.jpg 300w, https:\/\/voltiteam-herrenkrug.de\/wp-content\/uploads\/2026\/01\/DSC09380-1-768x512.jpg 768w, https:\/\/voltiteam-herrenkrug.de\/wp-content\/uploads\/2026\/01\/DSC09380-1-1536x1024.jpg 1536w, https:\/\/voltiteam-herrenkrug.de\/wp-content\/uploads\/2026\/01\/DSC09380-1-2048x1365.jpg 2048w\" sizes=\"auto, (max-width: 767px) 89vw, (max-width: 1000px) 54vw, (max-width: 1071px) 543px, 580px\" \/><figcaption class=\"wp-element-caption\">zum longieren<\/figcaption><\/figure>\n\n\n\n<figure class=\"wp-block-image size-large\"><img loading=\"lazy\" decoding=\"async\" width=\"1024\" height=\"683\" data-id=\"1502\" src=\"https:\/\/voltiteam-herrenkrug.de\/wp-content\/uploads\/2026\/01\/DSC09392-1024x683.jpg\" alt=\"\" class=\"wp-image-1502\" srcset=\"https:\/\/voltiteam-herrenkrug.de\/wp-content\/uploads\/2026\/01\/DSC09392-1024x683.jpg 1024w, https:\/\/voltiteam-herrenkrug.de\/wp-content\/uploads\/2026\/01\/DSC09392-300x200.jpg 300w, https:\/\/voltiteam-herrenkrug.de\/wp-content\/uploads\/2026\/01\/DSC09392-768x512.jpg 768w, https:\/\/voltiteam-herrenkrug.de\/wp-content\/uploads\/2026\/01\/DSC09392-1536x1024.jpg 1536w, https:\/\/voltiteam-herrenkrug.de\/wp-content\/uploads\/2026\/01\/DSC09392-2048x1365.jpg 2048w\" sizes=\"auto, (max-width: 767px) 89vw, (max-width: 1000px) 54vw, (max-width: 1071px) 543px, 580px\" \/><figcaption class=\"wp-element-caption\">zum voltigieren<\/figcaption><\/figure>\n<\/figure>\n\n\n\n<figure class=\"wp-block-gallery has-nested-images columns-default is-cropped wp-block-gallery-6 is-layout-flex wp-block-gallery-is-layout-flex\">\n<figure class=\"wp-block-image size-large\"><img loading=\"lazy\" decoding=\"async\" width=\"1024\" height=\"744\" data-id=\"1508\" src=\"https:\/\/voltiteam-herrenkrug.de\/wp-content\/uploads\/2026\/01\/IMG-20260112-WA0020-1024x744.jpg\" alt=\"\" class=\"wp-image-1508\" srcset=\"https:\/\/voltiteam-herrenkrug.de\/wp-content\/uploads\/2026\/01\/IMG-20260112-WA0020-1024x744.jpg 1024w, https:\/\/voltiteam-herrenkrug.de\/wp-content\/uploads\/2026\/01\/IMG-20260112-WA0020-300x218.jpg 300w, https:\/\/voltiteam-herrenkrug.de\/wp-content\/uploads\/2026\/01\/IMG-20260112-WA0020-768x558.jpg 768w, https:\/\/voltiteam-herrenkrug.de\/wp-content\/uploads\/2026\/01\/IMG-20260112-WA0020-1536x1116.jpg 1536w, https:\/\/voltiteam-herrenkrug.de\/wp-content\/uploads\/2026\/01\/IMG-20260112-WA0020.jpg 1600w\" sizes=\"auto, (max-width: 767px) 89vw, (max-width: 1000px) 54vw, (max-width: 1071px) 543px, 580px\" \/><figcaption class=\"wp-element-caption\">zum reiten<\/figcaption><\/figure>\n\n\n\n<figure class=\"wp-block-image size-large\"><img loading=\"lazy\" decoding=\"async\" width=\"840\" height=\"1024\" data-id=\"1507\" src=\"https:\/\/voltiteam-herrenkrug.de\/wp-content\/uploads\/2026\/01\/IMG-20260112-WA0021-840x1024.jpg\" alt=\"\" class=\"wp-image-1507\" srcset=\"https:\/\/voltiteam-herrenkrug.de\/wp-content\/uploads\/2026\/01\/IMG-20260112-WA0021-840x1024.jpg 840w, https:\/\/voltiteam-herrenkrug.de\/wp-content\/uploads\/2026\/01\/IMG-20260112-WA0021-246x300.jpg 246w, https:\/\/voltiteam-herrenkrug.de\/wp-content\/uploads\/2026\/01\/IMG-20260112-WA0021-768x937.jpg 768w, https:\/\/voltiteam-herrenkrug.de\/wp-content\/uploads\/2026\/01\/IMG-20260112-WA0021-1260x1536.jpg 1260w, https:\/\/voltiteam-herrenkrug.de\/wp-content\/uploads\/2026\/01\/IMG-20260112-WA0021.jpg 1312w\" sizes=\"auto, (max-width: 767px) 89vw, (max-width: 1000px) 54vw, (max-width: 1071px) 543px, 580px\" \/><\/figure>\n<\/figure>\n\n\n\n<p>Ohne die gro\u00dfartige Unterst\u00fctzung des Landes und der Stadt sowie von allen flei\u00dfigen Helfern und Helferinnen vor Ort w\u00e4re das nicht m\u00f6glich gewesen. DANKE!<\/p>\n","protected":false},"excerpt":{"rendered":"<p>Im Juni 2021 konnten wir unseren gro\u00dfen Reitplatz dank der F\u00f6rderung durch das Land Sachsen-Anhalt und der Stadt Magdeburg zu einem Ebbe-Flut-Platz umbauen. Es musste alles gut vorbereitet sein, damit der neue Boden auf den Platz kann Endlich geschafft! Der neue Reitplatz ist fertig und kann genutzt werden Ohne die gro\u00dfartige Unterst\u00fctzung des Landes und &hellip; <\/p>\n<p class=\"link-more\"><a href=\"https:\/\/voltiteam-herrenkrug.de\/?page_id=1482\" class=\"more-link\"><span class=\"screen-reader-text\">\u201eReitplatzbau\u201c <\/span>weiterlesen<\/a><\/p>\n","protected":false},"author":1,"featured_media":0,"parent":0,"menu_order":0,"comment_status":"closed","ping_status":"closed","template":"","meta":{"footnotes":""},"class_list":["post-1482","page","type-page","status-publish","hentry","gallery-content-unit"],"_links":{"self":[{"href":"https:\/\/voltiteam-herrenkrug.de\/index.php?rest_route=\/wp\/v2\/pages\/1482","targetHints":{"allow":["GET"]}}],"collection":[{"href":"https:\/\/voltiteam-herrenkrug.de\/index.php?rest_route=\/wp\/v2\/pages"}],"about":[{"href":"https:\/\/voltiteam-herrenkrug.de\/index.php?rest_route=\/wp\/v2\/types\/page"}],"author":[{"embeddable":true,"href":"https:\/\/voltiteam-herrenkrug.de\/index.php?rest_route=\/wp\/v2\/users\/1"}],"replies":[{"embeddable":true,"href":"https:\/\/voltiteam-herrenkrug.de\/index.php?rest_route=%2Fwp%2Fv2%2Fcomments&post=1482"}],"version-history":[{"count":8,"href":"https:\/\/voltiteam-herrenkrug.de\/index.php?rest_route=\/wp\/v2\/pages\/1482\/revisions"}],"predecessor-version":[{"id":1514,"href":"https:\/\/voltiteam-herrenkrug.de\/index.php?rest_route=\/wp\/v2\/pages\/1482\/revisions\/1514"}],"wp:attachment":[{"href":"https:\/\/voltiteam-herrenkrug.de\/index.php?rest_route=%2Fwp%2Fv2%2Fmedia&parent=1482"}],"curies":[{"name":"wp","href":"https:\/\/api.w.org\/{rel}","templated":true}]}}