{"id":202,"date":"2019-03-04T11:36:02","date_gmt":"2019-03-04T10:36:02","guid":{"rendered":"http:\/\/voltiteam-herrenkrug.de\/?page_id=202"},"modified":"2019-03-04T17:06:43","modified_gmt":"2019-03-04T16:06:43","slug":"kontakt","status":"publish","type":"page","link":"https:\/\/voltiteam-herrenkrug.de\/?page_id=202","title":{"rendered":"Kontakt"},"content":{"rendered":"\n<div class=\"wpcf7 no-js\" id=\"wpcf7-f204-o1\" lang=\"de-DE\" dir=\"ltr\" data-wpcf7-id=\"204\">\n<div class=\"screen-reader-response\"><p role=\"status\" aria-live=\"polite\" aria-atomic=\"true\"><\/p> <ul><\/ul><\/div>\n<form action=\"\/index.php?rest_route=%2Fwp%2Fv2%2Fpages%2F202#wpcf7-f204-o1\" method=\"post\" class=\"wpcf7-form init\" aria-label=\"Kontaktformular\" novalidate=\"novalidate\" data-status=\"init\">\n<fieldset class=\"hidden-fields-container\"><input type=\"hidden\" name=\"_wpcf7\" value=\"204\" \/><input type=\"hidden\" name=\"_wpcf7_version\" value=\"6.1.5\" \/><input type=\"hidden\" name=\"_wpcf7_locale\" value=\"de_DE\" \/><input type=\"hidden\" name=\"_wpcf7_unit_tag\" value=\"wpcf7-f204-o1\" \/><input type=\"hidden\" name=\"_wpcf7_container_post\" value=\"0\" \/><input type=\"hidden\" name=\"_wpcf7_posted_data_hash\" value=\"\" \/>\n<\/fieldset>\n<p><span class=\"wpcf7-form-control-wrap\" data-name=\"Anfrage\"><select class=\"wpcf7-form-control wpcf7-select wpcf7-validates-as-required\" aria-required=\"true\" aria-invalid=\"false\" name=\"Anfrage\"><option value=\"\">&#8211; Bitte ausw\u00e4hlen &#8211;<\/option><option value=\"Terminvergabe Schnupperstunde\">Terminvergabe Schnupperstunde<\/option><option value=\"Anfrage Turnier\">Anfrage Turnier<\/option><option value=\"Anfrage Sonstiges\">Anfrage Sonstiges<\/option><\/select><\/span>\n<\/p>\n<p><label> Ihr Name (Pflichtfeld)<br \/>\n<span class=\"wpcf7-form-control-wrap\" data-name=\"your-name\"><input size=\"40\" maxlength=\"400\" class=\"wpcf7-form-control wpcf7-text wpcf7-validates-as-required\" aria-required=\"true\" aria-invalid=\"false\" value=\"\" type=\"text\" name=\"your-name\" \/><\/span> <\/label>\n<\/p>\n<p><label> Ihre E-Mail-Adresse (Pflichtfeld)<br \/>\n<span class=\"wpcf7-form-control-wrap\" data-name=\"your-email\"><input size=\"40\" maxlength=\"400\" class=\"wpcf7-form-control wpcf7-email wpcf7-validates-as-required wpcf7-text wpcf7-validates-as-email\" aria-required=\"true\" aria-invalid=\"false\" value=\"\" type=\"email\" name=\"your-email\" \/><\/span> <\/label>\n<\/p>\n<p><label> Name und Alter des Kindes<br \/>\n<span class=\"wpcf7-form-control-wrap\" data-name=\"your-subject\"><input size=\"40\" maxlength=\"400\" class=\"wpcf7-form-control wpcf7-text wpcf7-validates-as-required\" aria-required=\"true\" aria-invalid=\"false\" value=\"\" type=\"text\" name=\"your-subject\" \/><\/span> <\/label>\n<\/p>\n<p><label> Telefonnummer<br \/>\n<span class=\"wpcf7-form-control-wrap\" data-name=\"Telefonnummer\"><input size=\"40\" maxlength=\"400\" class=\"wpcf7-form-control wpcf7-tel wpcf7-text wpcf7-validates-as-tel\" aria-invalid=\"false\" value=\"\" type=\"tel\" name=\"Telefonnummer\" \/><\/span> <\/label>\n<\/p>\n<p><label> Deine Nachricht<br \/>\n<span class=\"wpcf7-form-control-wrap\" data-name=\"your-message\"><textarea cols=\"40\" rows=\"10\" maxlength=\"2000\" class=\"wpcf7-form-control wpcf7-textarea\" aria-invalid=\"false\" name=\"your-message\"><\/textarea><\/span> <\/label>\n<\/p>\n<p><input class=\"wpcf7-form-control wpcf7-submit has-spinner\" type=\"submit\" value=\"Senden\" \/>\n<\/p><div class=\"wpcf7-response-output\" aria-hidden=\"true\"><\/div>\n<\/form>\n<\/div>\n\n\n\n\n<p>Mit dem vorstehenden Kontaktformular k\u00f6nnen Sie ihre Anfrage an uns richten. Ihre Daten werden \u00fcber unseren Provider per Email an uns weitergeleitet und nach Beantwortung umgehend gel\u00f6scht, sofern keine gesetzlichen Aufbewahrungspflichten bestehen. Eine Nutzung zu einem anderen Zweck oder eine Datenweitergabe an Dritte findet nicht statt. Sie k\u00f6nnen ihre Einwilligung zur Datenerhebung und Datennutzung jederzeit durch eine Nachricht an uns widerrufen. Im Falle des Widerrufs werden ihre Daten umgehend gel\u00f6scht. <\/p>\n","protected":false},"excerpt":{"rendered":"<p>Mit dem vorstehenden Kontaktformular k\u00f6nnen Sie ihre Anfrage an uns richten. Ihre Daten werden \u00fcber unseren Provider per Email an uns weitergeleitet und nach Beantwortung umgehend gel\u00f6scht, sofern keine gesetzlichen Aufbewahrungspflichten bestehen. Eine Nutzung zu einem anderen Zweck oder eine Datenweitergabe an Dritte findet nicht statt. Sie k\u00f6nnen ihre Einwilligung zur Datenerhebung und Datennutzung jederzeit &hellip; <\/p>\n<p class=\"link-more\"><a href=\"https:\/\/voltiteam-herrenkrug.de\/?page_id=202\" class=\"more-link\"><span class=\"screen-reader-text\">\u201eKontakt\u201c <\/span>weiterlesen<\/a><\/p>\n","protected":false},"author":1,"featured_media":0,"parent":0,"menu_order":0,"comment_status":"closed","ping_status":"closed","template":"","meta":{"footnotes":""},"class_list":["post-202","page","type-page","status-publish","hentry","gallery-content-unit"],"_links":{"self":[{"href":"https:\/\/voltiteam-herrenkrug.de\/index.php?rest_route=\/wp\/v2\/pages\/202","targetHints":{"allow":["GET"]}}],"collection":[{"href":"https:\/\/voltiteam-herrenkrug.de\/index.php?rest_route=\/wp\/v2\/pages"}],"about":[{"href":"https:\/\/voltiteam-herrenkrug.de\/index.php?rest_route=\/wp\/v2\/types\/page"}],"author":[{"embeddable":true,"href":"https:\/\/voltiteam-herrenkrug.de\/index.php?rest_route=\/wp\/v2\/users\/1"}],"replies":[{"embeddable":true,"href":"https:\/\/voltiteam-herrenkrug.de\/index.php?rest_route=%2Fwp%2Fv2%2Fcomments&post=202"}],"version-history":[{"count":5,"href":"https:\/\/voltiteam-herrenkrug.de\/index.php?rest_route=\/wp\/v2\/pages\/202\/revisions"}],"predecessor-version":[{"id":824,"href":"https:\/\/voltiteam-herrenkrug.de\/index.php?rest_route=\/wp\/v2\/pages\/202\/revisions\/824"}],"wp:attachment":[{"href":"https:\/\/voltiteam-herrenkrug.de\/index.php?rest_route=%2Fwp%2Fv2%2Fmedia&parent=202"}],"curies":[{"name":"wp","href":"https:\/\/api.w.org\/{rel}","templated":true}]}}